{"id":58,"date":"2019-11-01T11:00:42","date_gmt":"2019-11-01T10:00:42","guid":{"rendered":"https:\/\/bloemenbezorgenamsterdam.nl\/?page_id=58"},"modified":"2024-02-26T23:36:53","modified_gmt":"2024-02-26T22:36:53","slug":"about-us","status":"publish","type":"page","link":"https:\/\/bloemenbezorgenamsterdam.nl\/en\/about-us\/","title":{"rendered":"About us"},"content":{"rendered":"<h2 class=\"wp-block-heading alignwide\">Meet Eric Dompeling of Flowers Delivery Amsterdam<\/h2>\n\n\n\n<div class=\"wp-block-columns alignwide is-layout-flex wp-container-core-columns-is-layout-28f84493 wp-block-columns-is-layout-flex\">\n<div class=\"wp-block-column is-layout-flow wp-block-column-is-layout-flow\" style=\"flex-basis:66.66%\">\n<p>In our flower shop in Amsterdam, Eric is the master: you can come to him for creative bouquet designs but also for all the facts about your favourite flowers. His passion for nature was instilled in him at an early age. His family is full of gardeners and flower lovers, and once you love flowers, it's hard to let go.<\/p>\n\n\n\n<p><strong><em>How long have you been a florist? <\/em><\/strong><\/p>\n\n\n\n<p>I have been working with flowers since I was 12 years old. My mother made church decorations and flower parades. From the age of 18, I have really been working with flowers every day. Do the math. That's 33 years already!<\/p>\n\n\n\n<p><strong><em>What is your style? <\/em><\/strong><\/p>\n\n\n\n<p>Although I also really love a bouquet of plucked flowers, I personally prefer to put bunches on the table in an 'English' style. A quiet, romantic bunch, with a maximum of two flower types and some foliage. And then also preferably in one colour, for example a beautiful bunch of peonies with some gloriosa and a grass. That's what I prefer to put on the table myself.<\/p>\n\n\n\n<p><strong><em>Do you have a favourite flower? <\/em><\/strong><\/p>\n\n\n\n<p>I have lots of favourite flowers. But the Lathyrus is my favourite, I have it tattooed on my arm too. They are very delicate flowers and they smell delicious. I really like delicate flowers, fragile, delicate. I can enjoy them so much.<\/p>\n\n\n\n<p><strong><em>You really shouldn't ask flower stylists, but is there any flower you don't like? <\/em><\/strong><\/p>\n\n\n\n<p>Oh I do find that difficult yes. Those are the more tropical flowers, which are very cultivated. I like the very pure thing. But it also has to do with the season; I love tulips, but I really wouldn't put a bunch of them on the table in autumn.<\/p>\n\n\n\n<p><strong><em>Where in the house do you prefer to put flowers yourself? <\/em><\/strong><\/p>\n\n\n\n<p>I always have a big monotone bunch on the table. Preferably with one or two varieties in the same shade. And because I love very small flowers, there are mini vases with different fragile varieties all over my house.<\/p>\n\n\n\n<p><strong><em>What is the most special flower arrangement you have ever made? <\/em><\/strong><\/p>\n\n\n\n<p>Ahh, there are so many. But I found it very special to be able to decorate King Willem Alexander and Queen Maxima's boat on 5 May.<\/p>\n\n\n\n<p><strong><em>How do you deal with sustainability? <\/em><\/strong><\/p>\n\n\n\n<p>I think sustainability is very important. I also currently have an application out for various sustainability labels, because we are very conscious about this in our flower shop. We have a sign in our shop showing how much % of our flowers are sustainably grown in a week, I really pick our flowers on that. There is a lot in our industry that a florist can pay attention to in order to be more sustainable - from the cleaning products we use to the flower food and packaging. We are very aware of this and so we really do our best to select, package and deliver our flowers as responsibly as possible.<\/p>\n<\/div>\n\n\n\n<div class=\"wp-block-column is-layout-flow wp-block-column-is-layout-flow\" style=\"flex-basis:33.33%\">\n<figure class=\"wp-block-image\"><img loading=\"lazy\" decoding=\"async\" width=\"300\" height=\"300\" src=\"https:\/\/bloemenbezorgenamsterdam.nl\/wp-content\/uploads\/2020\/05\/Eric-Dompeling-van-Bloemen-Bezorgen-Amsterdam.png\" alt=\"Eric Dipping Flowers Delivery Amsterdam\" class=\"wp-image-7567\" srcset=\"https:\/\/bloemenbezorgenamsterdam.nl\/wp-content\/uploads\/2020\/05\/Eric-Dompeling-van-Bloemen-Bezorgen-Amsterdam.png 300w, https:\/\/bloemenbezorgenamsterdam.nl\/wp-content\/uploads\/2020\/05\/Eric-Dompeling-van-Bloemen-Bezorgen-Amsterdam-100x100.png 100w, https:\/\/bloemenbezorgenamsterdam.nl\/wp-content\/uploads\/2020\/05\/Eric-Dompeling-van-Bloemen-Bezorgen-Amsterdam-150x150.png 150w, https:\/\/bloemenbezorgenamsterdam.nl\/wp-content\/uploads\/2020\/05\/Eric-Dompeling-van-Bloemen-Bezorgen-Amsterdam-285x285.png 285w\" sizes=\"auto, (max-width: 300px) 100vw, 300px\" \/><\/figure>\n\n\n\n<p>Eric Dompeling - Florist &amp; Owner Flowermoments by Anggrek<\/p>\n<\/div>\n<\/div>\n\n\n\n<div class=\"wp-block-group has-global-padding is-layout-constrained wp-block-group-is-layout-constrained\">\n<h2 class=\"wp-block-heading alignwide\">Always the most beautiful flowers in your home from your local florist<\/h2>\n\n\n\n<p>Ordering flowers over the Internet, it can be tricky. Which florist do I order from and how good are the flowers? A glance at the common complaints about ordering flowers says it all: roses that hang their heads after only two days and bouquets that are not delivered but dumped somewhere by the side of the road. These are examples that motivate us, because this is not how we want to do it.<\/p>\n\n\n\n<p>We are Flowermoments by Anggrek, the local florist in Amsterdam behind Flowers Delivery Amsterdam. Delivering you a smile with high-quality flowers is our goal. We do this through our webshop. So you can easily order flowers while you're sitting at home on the couch or at work. The big advantage of delivering with us? You know who we are. If something does go wrong, you can just drop by.<\/p>\n\n\n\n<h2 class=\"wp-block-heading\">Crisp fresh flowers from the auction every day<\/h2>\n\n\n\n<p>All our flowers are crisp and fresh. We have not picked them from the field by hand, but we have carefully selected them at the auction. Every morning, our flower stylist Eric goes to the auction to select the strongest, most beautiful and most unusual specimens. That is why we can guarantee you that the flowers are of the best quality and will bloom for you for at least 7 days. <\/p>\n\n\n\n<h3 class=\"wp-block-heading\"><strong>Tips from the Master - enjoying your flowers for as long as possible<\/strong><\/h3>\n\n\n\n<p>Our flowers are very fresh and often we can deliver your bouquet the same day. So no flowering time is lost and you can enjoy your flowers to the full. But of course, you can give your flowers a helping hand to stay radiant for as long as possible. Eric shares his best tips with you: <\/p>\n\n\n\n<ol class=\"wp-block-list\">\n<li>Provide a <strong>clean vase<\/strong>.<\/li>\n\n\n\n<li>Put your flowers <strong>not next to the heating, in full sun or in a draught<\/strong>. <\/li>\n\n\n\n<li>Put your flowers too <strong>not next to the fruit bowl<\/strong>. Ripening fruit secretes ethylene gas, which makes fruit ripen faster and flowers wilt faster. <\/li>\n\n\n\n<li><strong>Change the water every three days<\/strong> in the vase and cut 2 cm off the stems of your flowers each time. This will keep the 'wound' bacteria-free and your flowers last longer! <\/li>\n\n\n\n<li>When you put your flowers in the vase, <strong>also boost them with<\/strong> <strong>flower food<\/strong>. No worries, we just supply that with every bunch. <\/li>\n<\/ol>\n\n\n\n<h3 class=\"wp-block-heading\">Delivery in Amsterdam and surroundings<\/h3>\n\n\n\n<p>Flowers Delivery Amsterdam works with its own delivery service. Do you order your flowers before 13:00? Then we can deliver them the same day, to you or someone you want to surprise. We deliver in Amsterdam and the surrounding area - even in Haarlem and Amstelveen. Of course, this requires good logistical planning. Our delivery staff enjoys taking on that challenge, setting off through the busy streets of Amsterdam, avoiding traffic jams and carefully following our delivery route. We do everything we can to transport your flowers as safely as possible. The flowers are wrapped in foil and some bunches are even already in the vase! Not at home? Then we will deliver the flowers to a neighbour or try again the same day. <\/p>\n\n\n\n<p><strong>Love your flowers: <\/strong>Are you ordering flowers for yourself? Then it's nice if you can also be at home at the time of delivery or leave clear delivery instructions for our delivery driver. Flowers are living products and should preferably be back in the vase as soon as possible. Surprising someone else with a bunch of flowers? Sweet! But check that the recipients do not happen to be on holiday or away for the weekend. After all, that would be a shame! Would you rather visit our flower shop yourself? Of course you can. You will find us at Parnassusweg 3.<\/p>\n\n\n\n<p>Want to have flowers delivered in another city? They also work with florists in other cities:<\/p>\n\n\n\n<ul class=\"wp-block-list\">\n<li><a href=\"https:\/\/bloemenbezorgenalmere.nl\">Flower delivery Almere<\/a><\/li>\n\n\n\n<li><a href=\"https:\/\/bloemenbezorgendenhaag.net\">Flower delivery The Hague<\/a><\/li>\n\n\n\n<li><a href=\"https:\/\/bloemenbezorgeneindhoven.nl\">Flower delivery Eindhoven<\/a><\/li>\n\n\n\n<li><a href=\"https:\/\/bloemenbezorgengroningen.nl\">Flower delivery Groningen<\/a><\/li>\n\n\n\n<li><a href=\"https:\/\/bloemenbezorgenhaarlem.com\">Flower delivery Haarlem<\/a><\/li>\n\n\n\n<li><a href=\"https:\/\/bloemenbezorgenrotterdam.nl\">Flower delivery Rotterdam<\/a><\/li>\n\n\n\n<li><a href=\"https:\/\/bloemenbezorgenutrecht.nl\">Flower delivery Utrecht&nbsp;&nbsp;&nbsp;<\/a><\/li>\n<\/ul>\n<\/div>","protected":false},"excerpt":{"rendered":"<p>Maak kennis met Eric Dompeling van Bloemen Bezorgen Amsterdam In onze bloemenwinkel in Amsterdam is Eric de meester: je kunt bij hem terecht voor creatieve boeketontwerpen maar ook voor alle feitjes over je favoriete bloemen. Zijn passie voor de natuur is hem met de paplepel ingegoten. Zijn familie zit vol hoveniers en bloemliefhebbers, en als [&hellip;]<\/p>\n","protected":false},"author":1,"featured_media":0,"parent":0,"menu_order":0,"comment_status":"closed","ping_status":"closed","template":"","meta":{"_seopress_robots_primary_cat":"","_seopress_titles_title":"","_seopress_titles_desc":"Ik ben Eric Dompeling van Bloemen Bezorgen Amsterdam. Ik vertel je graag meer over mijn passie bloemen en mijzelf en mijn team.","_seopress_robots_index":"","_swt_meta_header_display":false,"_swt_meta_footer_display":false,"_swt_meta_site_title_display":false,"_swt_meta_sticky_header":false,"_swt_meta_transparent_header":false,"footnotes":""},"class_list":["post-58","page","type-page","status-publish","hentry"],"raw_content":"<!-- wp:heading {\"align\":\"wide\"} -->\n<h2 class=\"wp-block-heading alignwide\">Maak kennis met Eric Dompeling van Bloemen Bezorgen Amsterdam<\/h2>\n<!-- \/wp:heading -->\n\n<!-- wp:columns {\"align\":\"wide\"} -->\n<div class=\"wp-block-columns alignwide\"><!-- wp:column {\"width\":\"66.66%\"} -->\n<div class=\"wp-block-column\" style=\"flex-basis:66.66%\"><!-- wp:paragraph -->\n<p>In onze bloemenwinkel in Amsterdam is Eric de meester: je kunt bij hem terecht voor creatieve boeketontwerpen maar ook voor alle feitjes over je favoriete bloemen. Zijn passie voor de natuur is hem met de paplepel ingegoten. Zijn familie zit vol hoveniers en bloemliefhebbers, en als je eenmaal gek op bloemen bent, laat je dat ook niet zomaar los.<\/p>\n<!-- \/wp:paragraph -->\n\n<!-- wp:paragraph -->\n<p><strong><em>Hoe lang ben je al bloemist? <\/em><\/strong><\/p>\n<!-- \/wp:paragraph -->\n\n<!-- wp:paragraph -->\n<p>Vanaf mijn twaalfde ben ik al met bloemen bezig. Mijn moeder maakte kerkversieringen en bloemencorso's. Vanaf mijn 18e ben ik echt elke dag aan het werk met bloemen. Reken maar uit. Dat is al 33 jaar!<\/p>\n<!-- \/wp:paragraph -->\n\n<!-- wp:paragraph -->\n<p><strong><em>Wat is jouw stijl? <\/em><\/strong><\/p>\n<!-- \/wp:paragraph -->\n\n<!-- wp:paragraph -->\n<p>Hoewel ik ook heel erg van een plukboeket hou, zet ik zelf het liefste bossen op tafel in 'Engelse' stijl. Een rustige, romantische bos, met max. twee bloemsoorten en wat bladgroen. En dan ook nog het liefste in \u00e9\u00e9n kleur, bijvoorbeeld een prachtige bos pioenen met wat gloriosa's en een grasje. Dat zet ik zelf het liefst op tafel.<\/p>\n<!-- \/wp:paragraph -->\n\n<!-- wp:paragraph -->\n<p><strong><em>Heb je een favoriete bloem? <\/em><\/strong><\/p>\n<!-- \/wp:paragraph -->\n\n<!-- wp:paragraph -->\n<p>Ik heb heel veel favorieten bloemen. Maar de Lathyrus is mijn favoriet, die heb ik ook op mijn arm getatoe\u00eberd. Het zijn hele fijne bloemetjes en ze ruiken h\u00e9\u00e9rlijk. Ik hou echt van kwetsbare bloemen, fragiel, teer. Daar kan ik zo van genieten.<\/p>\n<!-- \/wp:paragraph -->\n\n<!-- wp:paragraph -->\n<p><strong><em>Je mag het eigenlijk niet vragen aan bloemstylisten, maar is er ook een bloem waar je niets mee hebt? <\/em><\/strong><\/p>\n<!-- \/wp:paragraph -->\n\n<!-- wp:paragraph -->\n<p>Oh dat vind ik wel moeilijk ja. Dan zijn dat toch de meer tropische bloemen, die heel erg gecultiveerd zijn. Ik hou juist van dat hele pure. Maar het heeft ook met het seizoen te maken; ik ben gek op tulpen, maar in de herfst zou ik echt geen bos met tulpen op tafel zetten, dat past niet in de sfeer.<\/p>\n<!-- \/wp:paragraph -->\n\n<!-- wp:paragraph -->\n<p><strong><em>Waar in huis zet je zelf het allerliefste bloemen? <\/em><\/strong><\/p>\n<!-- \/wp:paragraph -->\n\n<!-- wp:paragraph -->\n<p>Ik heb altijd een grote monotone bos op tafel. Het liefst met \u00e9\u00e9n of twee soorten in dezelfde tint. En omdat ik dus gek ben op hele kleine bloemetjes, staan door mijn hele huis minivaasjes met verschillende fragiele soortjes.<\/p>\n<!-- \/wp:paragraph -->\n\n<!-- wp:paragraph -->\n<p><strong><em>Wat is het meest bijzondere bloemstuk wat je ooit gemaakt hebt? <\/em><\/strong><\/p>\n<!-- \/wp:paragraph -->\n\n<!-- wp:paragraph -->\n<p>Ahh, dat zijn er zoveel. Maar ik vond het heel bijzonder om de boot van Koning Willem Alexander en Koningin Maxima te mogen versieren op 5 mei.<\/p>\n<!-- \/wp:paragraph -->\n\n<!-- wp:paragraph -->\n<p><strong><em>Hoe gaan jullie om met duurzaamheid? <\/em><\/strong><\/p>\n<!-- \/wp:paragraph -->\n\n<!-- wp:paragraph -->\n<p>Ik vind duurzaamheid heel belangrijk. Ik heb momenteel ook een aanvraag uitstaan voor verschillende duurzaamheidskeurmerken, want we gaan hier heel bewust mee om in onze bloemenwinkel. We hebben een bord in onze winkel staan waarop we laten zien hoeveel % van onze bloemen in een week duurzaam gekweekt zijn, daar kies ik onze bloemen ook echt op uit. Er is in onze industrie heel waar een bloemist op kan letten om duurzamer te werken \u2014 van de schoonmaakmiddelen die we gebruiken tot de bloemenvoeding en verpakking. We zijn ons hier heel bewust van en doen dus echt ons best om zo verantwoordelijk mogelijk onze bloemen te selecteren, verpakken en bezorgen..<\/p>\n<!-- \/wp:paragraph --><\/div>\n<!-- \/wp:column -->\n\n<!-- wp:column {\"width\":\"33.33%\"} -->\n<div class=\"wp-block-column\" style=\"flex-basis:33.33%\"><!-- wp:image {\"id\":7567} -->\n<figure class=\"wp-block-image\"><img src=\"https:\/\/bloemenbezorgenamsterdam.nl\/wp-content\/uploads\/2020\/05\/Eric-Dompeling-van-Bloemen-Bezorgen-Amsterdam.png\" alt=\"Eric Dompeling Van Bloemen Bezorgen Amsterdam\" class=\"wp-image-7567\"\/><\/figure>\n<!-- \/wp:image -->\n\n<!-- wp:paragraph -->\n<p>Eric Dompeling - Bloemist &amp; Eigenaar Flowermoments by Anggrek<\/p>\n<!-- \/wp:paragraph --><\/div>\n<!-- \/wp:column --><\/div>\n<!-- \/wp:columns -->\n\n<!-- wp:group {\"layout\":{\"type\":\"constrained\"}} -->\n<div class=\"wp-block-group\"><!-- wp:heading {\"align\":\"wide\"} -->\n<h2 class=\"wp-block-heading alignwide\">Altijd de mooiste bloemen in huis van jouw lokale bloemist<\/h2>\n<!-- \/wp:heading -->\n\n<!-- wp:paragraph -->\n<p>Bloemen bestellen via internet, het kan knap lastig zijn. Bij welke bloemist bestel ik en hoe goed zijn de bloemen? Een blik op de veelgehoorde klachten over bloemen bestellen zegt voldoende: rozen die al na twee dagen hun kop laten hangen en boeketten die niet worden bezorgd, maar ergens langs de kant van de weg gedumpt worden. Het zijn voorbeelden die motiverend voor ons werken, want zo willen wij het niet doen.<\/p>\n<!-- \/wp:paragraph -->\n\n<!-- wp:paragraph -->\n<p>Wij zijn Flowermoments by Anggrek, de lokale bloemist in Amsterdam achter Bloemen Bezorgen Amsterdam. Jou een glimlach bezorgen met kwalitatief uitstekende bloemen, dat is ons doel. We doen dit via onze webshop. Jij kunt daardoor eenvoudig bloemen bestellen, terwijl je thuis op de bankt zit of aan het werk bent. Het grote voordeel om bij ons te bezorgen? Je weet wie wij zijn. Mocht er toch iets mis zijn, dan kun je gewoon even langskomen.<\/p>\n<!-- \/wp:paragraph -->\n\n<!-- wp:heading -->\n<h2 class=\"wp-block-heading\">Iedere dag knisperend verse bloemen van de veiling<\/h2>\n<!-- \/wp:heading -->\n\n<!-- wp:paragraph -->\n<p>Al onze bloemen zijn knisperend vers. We hebben ze nog n\u00e9t niet met de hand van 't veld geplukt, maar wel zorgvuldig geselecteerd op de veiling. Elke ochtend gaat onze bloemstylist Eric naar de veiling om daar de sterkste, mooiste en meest bijzondere exemplaren uit te kiezen. Daarom kunnen we je ook garanderen dat de bloemen van de beste kwaliteit zijn en minstens 7 dagen voor je blijven bloeien. <\/p>\n<!-- \/wp:paragraph -->\n\n<!-- wp:heading {\"level\":3} -->\n<h3 class=\"wp-block-heading\"><strong>Tips van de Meester \u2014 zo lang mogelijk van je bloemen genieten<\/strong><\/h3>\n<!-- \/wp:heading -->\n\n<!-- wp:paragraph -->\n<p>Onze bloemen zijn heel erg vers en vaak kunnen we je boeket dezelfde dag nog bezorgen. Zo gaat er geen bloeitijd verloren en kun jij maximaal van je bloemen genieten. Maar je kunt je bloemen natuurlijk een handje helpen om zo lang mogelijk te blijven stralen. Eric deelt zijn beste tips met je: <\/p>\n<!-- \/wp:paragraph -->\n\n<!-- wp:list {\"ordered\":true} -->\n<ol><!-- wp:list-item -->\n<li>Zorg voor een <strong>schone vaas<\/strong>.<\/li>\n<!-- \/wp:list-item -->\n\n<!-- wp:list-item -->\n<li>Zet je bloemen <strong>niet naast de verwarming, in de volle zon of op de tocht<\/strong>. <\/li>\n<!-- \/wp:list-item -->\n\n<!-- wp:list-item -->\n<li>Zet je bloemen ook <strong>niet naast de fruitschaal<\/strong>. Rijpend fruit scheidt ethyleengas uit, dat zorgt ervoor dat fruit sneller rijpt en bloemen sneller verwelken. <\/li>\n<!-- \/wp:list-item -->\n\n<!-- wp:list-item -->\n<li><strong>Ververs elke drie dagen het water<\/strong> in de vaas en snijd elke keer 2 cm van de stelen van je bloemen af. Zo blijft de 'wond' bacterievrij en blijven je bloemen langer mooi! <\/li>\n<!-- \/wp:list-item -->\n\n<!-- wp:list-item -->\n<li>Wanneer je je bloemen in de vaas zet, <strong>geef je ze ook een boost met<\/strong> <strong>bloemenvoeding<\/strong>. Geen zorgen, dat leveren we gewoon mee met elke bos. <\/li>\n<!-- \/wp:list-item --><\/ol>\n<!-- \/wp:list -->\n\n<!-- wp:heading {\"level\":3} -->\n<h3 class=\"wp-block-heading\">Bezorging in Amsterdam en omgeving<\/h3>\n<!-- \/wp:heading -->\n\n<!-- wp:paragraph -->\n<p>Bloemen Bezorgen Amsterdam werkt met een eigen bezorgdienst. Bestel je voor 13:00 je bloemen? Dan kunnen we deze dezelfde dag nog bezorgen, bij jou of iemand die je wil verrassen. We leveren in Amsterdam en omgeving \u2014 zelfs in Haarlem en Amstelveen. Dat vereist natuurlijk een goede logistieke planning. Onze bezorgers gaan die uitdaging graag aan, we gaan op pad door de drukke straten van Amsterdam, omzeilen verkeersopstoppingen en volgen nauwkeurig onze bezorgroute. We doen er alles aan om je bloemen zo veilig mogelijk te transporteren. De bloemen zijn verpakt in folie en sommige bossen staan zelfs al in de vaas! Ben je niet thuis? Dan geven we de bloemen bij de buren af of proberen we het dezelfde dag nog eens. <\/p>\n<!-- \/wp:paragraph -->\n\n<!-- wp:paragraph -->\n<p><strong>Lief voor je bloemen: <\/strong>bestel je bloemen voor jezelf? Dan is het fijn als je ook thuis kunt zijn op het moment van bezorging of een duidelijke bezorginstructie achterlaat voor onze bezorger. Bloemen zijn levende producten en staan het liefst zo snel mogelijk weer rustig in de vaas. Verras je iemand anders met een bos bloemen? Lief! Maar check nog wel even of de ontvangers niet toevallig op vakantie zijn of een weekend weg. Dat zou immers zonde zijn! Toch liever zelf langskomen in onze bloemenwinkel? Dat kan natuurlijk ook. Je vind ons op de Parnassusweg 3.<\/p>\n<!-- \/wp:paragraph -->\n\n<!-- wp:paragraph -->\n<p>Wil je in een andere stad een bloemetje laten bezorgen? Ook in andere steden werken zij samen met bloemisten:<\/p>\n<!-- \/wp:paragraph -->\n\n<!-- wp:list -->\n<ul><!-- wp:list-item -->\n<li><a href=\"https:\/\/bloemenbezorgenalmere.nl\">Bloemen Bezorgen Almere<\/a><\/li>\n<!-- \/wp:list-item -->\n\n<!-- wp:list-item -->\n<li><a href=\"https:\/\/bloemenbezorgendenhaag.net\">Bloemen Bezorgen Den Haag<\/a><\/li>\n<!-- \/wp:list-item -->\n\n<!-- wp:list-item -->\n<li><a href=\"https:\/\/bloemenbezorgeneindhoven.nl\">Bloemen Bezorgen Eindhoven<\/a><\/li>\n<!-- \/wp:list-item -->\n\n<!-- wp:list-item -->\n<li><a href=\"https:\/\/bloemenbezorgengroningen.nl\">Bloemen Bezorgen Groningen<\/a><\/li>\n<!-- \/wp:list-item -->\n\n<!-- wp:list-item -->\n<li><a href=\"https:\/\/bloemenbezorgenhaarlem.com\">Bloemen Bezorgen Haarlem<\/a><\/li>\n<!-- \/wp:list-item -->\n\n<!-- wp:list-item -->\n<li><a href=\"https:\/\/bloemenbezorgenrotterdam.nl\">Bloemen Bezorgen Rotterdam<\/a><\/li>\n<!-- \/wp:list-item -->\n\n<!-- wp:list-item -->\n<li><a href=\"https:\/\/bloemenbezorgenutrecht.nl\">Bloemen Bezorgen Utrecht&nbsp;&nbsp;&nbsp;<\/a><\/li>\n<!-- \/wp:list-item --><\/ul>\n<!-- \/wp:list --><\/div>\n<!-- \/wp:group -->","_links":{"self":[{"href":"https:\/\/bloemenbezorgenamsterdam.nl\/en\/wp-json\/wp\/v2\/pages\/58","targetHints":{"allow":["GET"]}}],"collection":[{"href":"https:\/\/bloemenbezorgenamsterdam.nl\/en\/wp-json\/wp\/v2\/pages"}],"about":[{"href":"https:\/\/bloemenbezorgenamsterdam.nl\/en\/wp-json\/wp\/v2\/types\/page"}],"author":[{"embeddable":true,"href":"https:\/\/bloemenbezorgenamsterdam.nl\/en\/wp-json\/wp\/v2\/users\/1"}],"replies":[{"embeddable":true,"href":"https:\/\/bloemenbezorgenamsterdam.nl\/en\/wp-json\/wp\/v2\/comments?post=58"}],"version-history":[{"count":0,"href":"https:\/\/bloemenbezorgenamsterdam.nl\/en\/wp-json\/wp\/v2\/pages\/58\/revisions"}],"wp:attachment":[{"href":"https:\/\/bloemenbezorgenamsterdam.nl\/en\/wp-json\/wp\/v2\/media?parent=58"}],"curies":[{"name":"wp","href":"https:\/\/api.w.org\/{rel}","templated":true}]}}